{"id":22,"date":"2019-05-06T06:39:36","date_gmt":"2019-05-06T06:39:36","guid":{"rendered":"http:\/\/localhost\/johnfirm\/?page_id=22"},"modified":"2022-02-23T20:48:45","modified_gmt":"2022-02-23T17:48:45","slug":"iletisim","status":"publish","type":"page","link":"https:\/\/umityasarelyildirim.com.tr\/site\/iletisim\/","title":{"rendered":"\u0130leti\u015fim"},"content":{"rendered":"\t\t<div data-elementor-type=\"wp-page\" data-elementor-id=\"22\" class=\"elementor elementor-22\">\n\t\t\t\t\t\t<section class=\"elementor-section elementor-top-section elementor-element elementor-element-2df1964 elementor-section-stretched elementor-section-boxed elementor-section-height-default elementor-section-height-default\" data-id=\"2df1964\" data-element_type=\"section\" data-e-type=\"section\" data-settings=\"{&quot;stretch_section&quot;:&quot;section-stretched&quot;,&quot;background_background&quot;:&quot;classic&quot;}\">\n\t\t\t\t\t\t<div class=\"elementor-container elementor-column-gap-default\">\n\t\t\t\t\t<div class=\"elementor-column elementor-col-50 elementor-top-column elementor-element elementor-element-b453e67\" data-id=\"b453e67\" data-element_type=\"column\" data-e-type=\"column\" data-settings=\"{&quot;background_background&quot;:&quot;classic&quot;}\">\n\t\t\t<div class=\"elementor-widget-wrap elementor-element-populated\">\n\t\t\t\t\t\t<div class=\"elementor-element elementor-element-f9f6e89 elementor-widget elementor-widget-text-editor\" data-id=\"f9f6e89\" data-element_type=\"widget\" data-e-type=\"widget\" data-widget_type=\"text-editor.default\">\n\t\t\t\t<div class=\"elementor-widget-container\">\n\t\t\t\t\t\t\t\t\t<p><img fetchpriority=\"high\" decoding=\"async\" class=\"aligncenter wp-image-6315 size-full\" src=\"https:\/\/umityasarelyildirim.com.tr\/site\/wp-content\/uploads\/2022\/02\/IMG-20220218-WA0010.jpg\" alt=\"\" width=\"899\" height=\"1599\" srcset=\"https:\/\/umityasarelyildirim.com.tr\/site\/wp-content\/uploads\/2022\/02\/IMG-20220218-WA0010.jpg 899w, https:\/\/umityasarelyildirim.com.tr\/site\/wp-content\/uploads\/2022\/02\/IMG-20220218-WA0010-169x300.jpg 169w, https:\/\/umityasarelyildirim.com.tr\/site\/wp-content\/uploads\/2022\/02\/IMG-20220218-WA0010-576x1024.jpg 576w, https:\/\/umityasarelyildirim.com.tr\/site\/wp-content\/uploads\/2022\/02\/IMG-20220218-WA0010-768x1366.jpg 768w, https:\/\/umityasarelyildirim.com.tr\/site\/wp-content\/uploads\/2022\/02\/IMG-20220218-WA0010-864x1536.jpg 864w\" sizes=\"(max-width: 899px) 100vw, 899px\" \/><\/p>\t\t\t\t\t\t\t\t<\/div>\n\t\t\t\t<\/div>\n\t\t\t\t\t<\/div>\n\t\t<\/div>\n\t\t\t\t<div class=\"elementor-column elementor-col-50 elementor-top-column elementor-element elementor-element-19638b0\" data-id=\"19638b0\" data-element_type=\"column\" data-e-type=\"column\" data-settings=\"{&quot;background_background&quot;:&quot;classic&quot;}\">\n\t\t\t<div class=\"elementor-widget-wrap elementor-element-populated\">\n\t\t\t\t\t\t<section class=\"elementor-section elementor-inner-section elementor-element elementor-element-8704d0c elementor-section-boxed elementor-section-height-default elementor-section-height-default\" data-id=\"8704d0c\" data-element_type=\"section\" data-e-type=\"section\">\n\t\t\t\t\t\t<div class=\"elementor-container elementor-column-gap-default\">\n\t\t\t\t\t<div class=\"elementor-column elementor-col-100 elementor-inner-column elementor-element elementor-element-68b31f0\" data-id=\"68b31f0\" data-element_type=\"column\" data-e-type=\"column\">\n\t\t\t<div class=\"elementor-widget-wrap elementor-element-populated\">\n\t\t\t\t\t\t<div class=\"elementor-element elementor-element-2943005 elementor-widget elementor-widget-text-editor\" data-id=\"2943005\" data-element_type=\"widget\" data-e-type=\"widget\" data-widget_type=\"text-editor.default\">\n\t\t\t\t<div class=\"elementor-widget-container\">\n\t\t\t\t\t\t\t\t\t<h3><em><strong>&#8211; \u0130leti\u015fim Bilgileri &#8211;<\/strong><\/em><\/h3><p><strong>Kafkas \u00dcniversitesi<\/strong><br \/>Dede Korkut E\u011fitim Fak\u00fcltesi Dekanl\u0131\u011f\u0131 \/ KARS<br \/><span style=\"color: #333399;\"><span style=\"color: #333333;\">Web Site :<\/span> www.umityasarelyildirim.com.tr<\/span><br \/><span style=\"color: #333399;\"><span style=\"color: #333333;\">E-Mail :<\/span><a style=\"color: #333399;\" href=\"mailto:info@umityasarelyildirim.com.tr\"> info@umityasarelyildirim.com.tr<\/a><\/span><br \/><span style=\"color: #333399;\"><span style=\"color: #333333;\">E-Mail : <\/span><a style=\"color: #333399;\" href=\"mailto:umityasarelyildirim@gmail.com\">umityasarelyildirim@gmail.com<\/a><\/span><br \/><span style=\"color: #333399;\"><span style=\"color: #333333;\">E-Mail : <\/span><a style=\"color: #333399;\" href=\"mailto:yildirim@kafkas.edu.tr\">yildirim@kafkas.edu.tr<\/a><br \/><\/span><br \/><a href=\"https:\/\/www.facebook.com\/umityasarelyildirim\"><img decoding=\"async\" class=\"alignnone wp-image-6239\" src=\"https:\/\/umityasarelyildirim.com.tr\/site\/wp-content\/uploads\/2022\/02\/1260673-300x300.png\" alt=\"\" width=\"20\" height=\"20\" srcset=\"https:\/\/umityasarelyildirim.com.tr\/site\/wp-content\/uploads\/2022\/02\/1260673-300x300.png 300w, https:\/\/umityasarelyildirim.com.tr\/site\/wp-content\/uploads\/2022\/02\/1260673-150x150.png 150w, https:\/\/umityasarelyildirim.com.tr\/site\/wp-content\/uploads\/2022\/02\/1260673-370x390.png 370w, https:\/\/umityasarelyildirim.com.tr\/site\/wp-content\/uploads\/2022\/02\/1260673-270x270.png 270w, https:\/\/umityasarelyildirim.com.tr\/site\/wp-content\/uploads\/2022\/02\/1260673.png 512w\" sizes=\"(max-width: 20px) 100vw, 20px\" \/><\/a> <a href=\"https:\/\/www.facebook.com\/umityasarelyildirim\">umityasarelyildirim<\/a><br \/><a href=\"https:\/\/twitter.com\/umityasarelyildirim\"><img decoding=\"async\" class=\"alignnone wp-image-6242\" src=\"https:\/\/umityasarelyildirim.com.tr\/site\/wp-content\/uploads\/2022\/02\/pngwing.com-1-300x300.png\" alt=\"\" width=\"20\" height=\"20\" srcset=\"https:\/\/umityasarelyildirim.com.tr\/site\/wp-content\/uploads\/2022\/02\/pngwing.com-1-300x300.png 300w, https:\/\/umityasarelyildirim.com.tr\/site\/wp-content\/uploads\/2022\/02\/pngwing.com-1-150x150.png 150w, https:\/\/umityasarelyildirim.com.tr\/site\/wp-content\/uploads\/2022\/02\/pngwing.com-1-370x390.png 370w, https:\/\/umityasarelyildirim.com.tr\/site\/wp-content\/uploads\/2022\/02\/pngwing.com-1-270x270.png 270w, https:\/\/umityasarelyildirim.com.tr\/site\/wp-content\/uploads\/2022\/02\/pngwing.com-1.png 512w\" sizes=\"(max-width: 20px) 100vw, 20px\" \/><\/a> <a href=\"https:\/\/twitter.com\/umityasarelyildirim\">umityasarelyildirim<\/a><br \/><a href=\"https:\/\/www.instagram.com\/umityasarelyildirim\/\"><img loading=\"lazy\" decoding=\"async\" class=\"alignnone wp-image-6243 size-medium\" src=\"https:\/\/umityasarelyildirim.com.tr\/site\/wp-content\/uploads\/2022\/02\/pngwing.com-2-300x300.png\" alt=\"\" width=\"20\" height=\"20\" srcset=\"https:\/\/umityasarelyildirim.com.tr\/site\/wp-content\/uploads\/2022\/02\/pngwing.com-2-300x300.png 300w, https:\/\/umityasarelyildirim.com.tr\/site\/wp-content\/uploads\/2022\/02\/pngwing.com-2-1024x1024.png 1024w, https:\/\/umityasarelyildirim.com.tr\/site\/wp-content\/uploads\/2022\/02\/pngwing.com-2-150x150.png 150w, https:\/\/umityasarelyildirim.com.tr\/site\/wp-content\/uploads\/2022\/02\/pngwing.com-2-768x767.png 768w, https:\/\/umityasarelyildirim.com.tr\/site\/wp-content\/uploads\/2022\/02\/pngwing.com-2-370x390.png 370w, https:\/\/umityasarelyildirim.com.tr\/site\/wp-content\/uploads\/2022\/02\/pngwing.com-2-270x270.png 270w, https:\/\/umityasarelyildirim.com.tr\/site\/wp-content\/uploads\/2022\/02\/pngwing.com-2.png 1455w\" sizes=\"(max-width: 20px) 100vw, 20px\" \/><\/a> <a href=\"https:\/\/www.instagram.com\/umityasarelyildirim\/\">umityasarelyildirim<\/a><\/p><div class=\"elementor-element elementor-element-78e4c6ad elementor-widget elementor-widget-elementskit-heading\" data-id=\"78e4c6ad\" data-element_type=\"widget\" data-widget_type=\"elementskit-heading.default\"><div class=\"elementor-widget-container\"><div class=\"ekit-wid-con\"><div class=\"elementskit-section-title-wraper text_left ekit_heading_tablet- ekit_heading_mobile-\"><p>Dile getirilmesini istedi\u011finiz sorunlar ve sorular\u0131n\u0131z i\u00e7in bizimle ileti\u015fime ge\u00e7ebilirsiniz.<\/p><\/div><\/div><\/div><\/div><div class=\"elementor-element elementor-element-7ddc68ce elementor-widget elementor-widget-metform\" data-id=\"7ddc68ce\" data-element_type=\"widget\" data-widget_type=\"metform.default\"><div class=\"elementor-widget-container\"><div id=\"mf-response-props-id-1368\" class=\" mf-scroll-top-no\" data-editswitchopen=\"\" data-erroricon=\"fas fa-exclamation-triangle\" data-successicon=\"fas fa-check\" data-messageposition=\"top\"><div class=\"formpicker_warper formpicker_warper_editable\" data-metform-formpicker-key=\"1368\"><div class=\"elementor-widget-container\"><div id=\"metform-wrap-7ddc68ce-1368\" class=\"mf-form-wrapper\" data-form-id=\"1368\" data-action=\"https:\/\/www.aliseker.com\/wp-json\/metform\/v1\/entries\/insert\/1368\" data-wp-nonce=\"85407501bb\" data-form-nonce=\"d1497952bf\" data-stop-vertical-effect=\"\"><form class=\"metform-form-content\"><div class=\"mf-main-response-wrap mf-response-msg-wrap\" data-show=\"0\"><div class=\"mf-response-msg\">\u00a0<\/div><\/div><\/form><\/div><\/div><\/div><\/div><\/div><\/div>\t\t\t\t\t\t\t\t<\/div>\n\t\t\t\t<\/div>\n\t\t\t\t\t<\/div>\n\t\t<\/div>\n\t\t\t\t\t<\/div>\n\t\t<\/section>\n\t\t\t\t\t<\/div>\n\t\t<\/div>\n\t\t\t\t\t<\/div>\n\t\t<\/section>\n\t\t\t\t<section class=\"elementor-section elementor-top-section elementor-element elementor-element-625cec5 elementor-section-full_width elementor-section-stretched elementor-section-height-default elementor-section-height-default\" data-id=\"625cec5\" data-element_type=\"section\" data-e-type=\"section\" data-settings=\"{&quot;stretch_section&quot;:&quot;section-stretched&quot;}\">\n\t\t\t\t\t\t<div class=\"elementor-container elementor-column-gap-default\">\n\t\t\t\t\t<div class=\"elementor-column elementor-col-100 elementor-top-column elementor-element elementor-element-2530669\" data-id=\"2530669\" data-element_type=\"column\" data-e-type=\"column\">\n\t\t\t<div class=\"elementor-widget-wrap elementor-element-populated\">\n\t\t\t\t\t\t<div class=\"elementor-element elementor-element-0a9e069 elementor-widget elementor-widget-google_maps\" data-id=\"0a9e069\" data-element_type=\"widget\" data-e-type=\"widget\" data-widget_type=\"google_maps.default\">\n\t\t\t\t<div class=\"elementor-widget-container\">\n\t\t\t\t\t\t\t<div class=\"elementor-custom-embed\">\n\t\t\t<iframe loading=\"lazy\"\n\t\t\t\t\tsrc=\"https:\/\/maps.google.com\/maps?q=Dede%20Korkut%20E%C4%9Fitim%20Fak%C3%BCltesi%20Kars&#038;t=m&#038;z=12&#038;output=embed&#038;iwloc=near\"\n\t\t\t\t\ttitle=\"Dede Korkut E\u011fitim Fak\u00fcltesi Kars\"\n\t\t\t\t\taria-label=\"Dede Korkut E\u011fitim Fak\u00fcltesi Kars\"\n\t\t\t><\/iframe>\n\t\t<\/div>\n\t\t\t\t\t\t<\/div>\n\t\t\t\t<\/div>\n\t\t\t\t\t<\/div>\n\t\t<\/div>\n\t\t\t\t\t<\/div>\n\t\t<\/section>\n\t\t\t\t<\/div>\n\t\t","protected":false},"excerpt":{"rendered":"<p>&#8211; \u0130leti\u015fim Bilgileri &#8211; Kafkas \u00dcniversitesi Dede Korkut E\u011fitim Fak\u00fcltesi Dekanl\u0131\u011f\u0131 \/ KARS Web Site : www.umityasarelyildirim.com.tr E-Mail : info@umityasarelyildirim.com.tr E-Mail : umityasarelyildirim@gmail.com E-Mail : yildirim@kafkas.edu.tr umityasarelyildirim umityasarelyildirim umityasarelyildirim Dile getirilmesini istedi\u011finiz sorunlar ve sorular\u0131n\u0131z i\u00e7in bizimle ileti\u015fime ge\u00e7ebilirsiniz. \u00a0<\/p>\n","protected":false},"author":1,"featured_media":0,"parent":0,"menu_order":0,"comment_status":"closed","ping_status":"closed","template":"elementor_header_footer","meta":{"footnotes":""},"class_list":["post-22","page","type-page","status-publish","hentry"],"_links":{"self":[{"href":"https:\/\/umityasarelyildirim.com.tr\/site\/wp-json\/wp\/v2\/pages\/22","targetHints":{"allow":["GET"]}}],"collection":[{"href":"https:\/\/umityasarelyildirim.com.tr\/site\/wp-json\/wp\/v2\/pages"}],"about":[{"href":"https:\/\/umityasarelyildirim.com.tr\/site\/wp-json\/wp\/v2\/types\/page"}],"author":[{"embeddable":true,"href":"https:\/\/umityasarelyildirim.com.tr\/site\/wp-json\/wp\/v2\/users\/1"}],"replies":[{"embeddable":true,"href":"https:\/\/umityasarelyildirim.com.tr\/site\/wp-json\/wp\/v2\/comments?post=22"}],"version-history":[{"count":68,"href":"https:\/\/umityasarelyildirim.com.tr\/site\/wp-json\/wp\/v2\/pages\/22\/revisions"}],"predecessor-version":[{"id":6320,"href":"https:\/\/umityasarelyildirim.com.tr\/site\/wp-json\/wp\/v2\/pages\/22\/revisions\/6320"}],"wp:attachment":[{"href":"https:\/\/umityasarelyildirim.com.tr\/site\/wp-json\/wp\/v2\/media?parent=22"}],"curies":[{"name":"wp","href":"https:\/\/api.w.org\/{rel}","templated":true}]}}